{"id":11,"date":"2021-07-13T11:21:17","date_gmt":"2021-07-13T11:21:17","guid":{"rendered":"http:\/\/192.168.0.108\/bizup\/?page_id=11"},"modified":"2023-12-18T14:18:09","modified_gmt":"2023-12-18T14:18:09","slug":"quem-somos","status":"publish","type":"page","link":"https:\/\/heldatechlda.com\/heldatech\/quem-somos\/","title":{"rendered":"Quem somos"},"content":{"rendered":"\t\t<div data-elementor-type=\"wp-page\" data-elementor-id=\"11\" class=\"elementor elementor-11\">\n\t\t\t\t\t\t\t\t\t<section class=\"elementor-section elementor-top-section elementor-element elementor-element-84fd195 elementor-section-stretched elementor-section-content-middle elementor-section-boxed elementor-section-height-default elementor-section-height-default\" data-id=\"84fd195\" data-element_type=\"section\" data-settings=\"{&quot;stretch_section&quot;:&quot;section-stretched&quot;,&quot;background_background&quot;:&quot;classic&quot;}\">\n\t\t\t\t\t\t<div class=\"elementor-container elementor-column-gap-default\">\n\t\t\t\t\t<div class=\"elementor-column elementor-col-100 elementor-top-column elementor-element elementor-element-15d6140\" data-id=\"15d6140\" data-element_type=\"column\" data-settings=\"{&quot;background_background&quot;:&quot;classic&quot;}\">\n\t\t\t<div class=\"elementor-widget-wrap elementor-element-populated\">\n\t\t\t\t\t\t\t\t<section class=\"elementor-section elementor-inner-section elementor-element elementor-element-103a950 elementor-section-content-middle elementor-section-boxed elementor-section-height-default elementor-section-height-default\" data-id=\"103a950\" data-element_type=\"section\">\n\t\t\t\t\t\t<div class=\"elementor-container elementor-column-gap-default\">\n\t\t\t\t\t<div class=\"elementor-column elementor-col-50 elementor-inner-column elementor-element elementor-element-7349b8e\" data-id=\"7349b8e\" data-element_type=\"column\">\n\t\t\t<div class=\"elementor-widget-wrap elementor-element-populated\">\n\t\t\t\t\t\t\t\t<div class=\"elementor-element elementor-element-61d4120 elementor-widget elementor-widget-rs-heading\" data-id=\"61d4120\" data-element_type=\"widget\" data-widget_type=\"rs-heading.default\">\n\t\t\t\t<div class=\"elementor-widget-container\">\n\t\t\t\n        <div class=\"prelements-heading style4 animate- \">\n        \t<div class=\"title-inner\"> \n\t        \t       \t\t      \t\t\n\t            <h2 class=\"title\"><span class=\"watermark\"><\/span>Sobre a empresa\n \n<\/h2>\t\t\t\t\n\t\t\t\t\t        <\/div>\n\t                    \t<div class=\"description\">\n            \t\t            \t\t<p style=\"text-align:justify\">A HELDATECH, LDA \u00e9 uma empresa de direito angolano, vocacionada na presta\u00e7\u00e3o de servi\u00e7os e fornecimentos de materias diversos, estamos sediados no Munic\u00edpio de Belas Condominio Kandandu. Casa N\u00ba166 Luanda \\ Angola.<\/p>\n<p style=\"text-align:justify\">Estamos fortemente capacitados para o ramo de presta\u00e7\u00e3o de servi\u00e7os e fornecimento de materias diversos.<\/p>  \n            \t<\/div>\n        \t        <\/div>\n        \t\t<\/div>\n\t\t\t\t<\/div>\n\t\t\t\t\t<\/div>\n\t\t<\/div>\n\t\t\t\t<div class=\"elementor-column elementor-col-50 elementor-inner-column elementor-element elementor-element-3091670\" data-id=\"3091670\" data-element_type=\"column\" data-settings=\"{&quot;background_background&quot;:&quot;classic&quot;}\">\n\t\t\t<div class=\"elementor-widget-wrap\">\n\t\t\t\t\t\t\t\t\t<\/div>\n\t\t<\/div>\n\t\t\t\t\t\t\t<\/div>\n\t\t<\/section>\n\t\t\t\t\t<\/div>\n\t\t<\/div>\n\t\t\t\t\t\t\t<\/div>\n\t\t<\/section>\n\t\t\t\t<section class=\"elementor-section elementor-top-section elementor-element elementor-element-4a23220 elementor-section-stretched elementor-section-content-middle elementor-section-boxed elementor-section-height-default elementor-section-height-default\" data-id=\"4a23220\" data-element_type=\"section\" data-settings=\"{&quot;stretch_section&quot;:&quot;section-stretched&quot;,&quot;background_background&quot;:&quot;classic&quot;}\">\n\t\t\t\t\t\t<div class=\"elementor-container elementor-column-gap-default\">\n\t\t\t\t\t<div class=\"elementor-column elementor-col-100 elementor-top-column elementor-element elementor-element-ae15c87\" data-id=\"ae15c87\" data-element_type=\"column\" data-settings=\"{&quot;background_background&quot;:&quot;classic&quot;}\">\n\t\t\t<div class=\"elementor-widget-wrap elementor-element-populated\">\n\t\t\t\t\t\t\t\t<section class=\"elementor-section elementor-inner-section elementor-element elementor-element-6235ab5 elementor-section-boxed elementor-section-height-default elementor-section-height-default\" data-id=\"6235ab5\" data-element_type=\"section\">\n\t\t\t\t\t\t<div class=\"elementor-container elementor-column-gap-default\">\n\t\t\t\t\t<div class=\"elementor-column elementor-col-50 elementor-inner-column elementor-element elementor-element-485e1cc\" data-id=\"485e1cc\" data-element_type=\"column\">\n\t\t\t<div class=\"elementor-widget-wrap\">\n\t\t\t\t\t\t\t\t\t<\/div>\n\t\t<\/div>\n\t\t\t\t<div class=\"elementor-column elementor-col-50 elementor-inner-column elementor-element elementor-element-4ccba48\" data-id=\"4ccba48\" data-element_type=\"column\">\n\t\t\t<div class=\"elementor-widget-wrap elementor-element-populated\">\n\t\t\t\t\t\t\t\t<div class=\"elementor-element elementor-element-131675a elementor-widget elementor-widget-rs-heading\" data-id=\"131675a\" data-element_type=\"widget\" data-widget_type=\"rs-heading.default\">\n\t\t\t\t<div class=\"elementor-widget-container\">\n\t\t\t\n        <div class=\"prelements-heading default animate-default \">\n        \t<div class=\"title-inner\"> \n\t        \t       \t\t      \t\t\n\t            <h2 class=\"title\"><span class=\"watermark\"><\/span>Como Fazemos<\/h2>\t\t\t\t\n\t\t\t\t\t        <\/div>\n\t                    \t<div class=\"description\">\n            \t\t            \t\t<p style=\"text-align:justify\">No nosso trabalho buscamos excel\u00eancia em todas as atividades sempre aprimorando os conhecimentos e aperfei\u00e7oando-os cada dia mais. Nossa equipe \u00e9 altamente qualificada, contando com profissionais de vasto conhecimento para cada linha de produtos, garantindo a satisfa\u00e7\u00e3o de\nnossos clientes.<\/p>\n\n<p style=\"text-align:justify\">Garantimos um atendimento diferenciado, tendo como princ\u00edpio\nfundamental a exclusividade, parceria, transpar\u00eancia e pontualidade que \u00e9 de extrema relev\u00e2ncia, por isso nossa empresa trabalha com entregas r\u00e1pidas e seguras, para atender aos nossos clientes, por toda parte do Pa\u00eds. Estamos no mercado com a finalidade de oferecer solu\u00e7\u00f5es pr\u00e1ticas e\ninteligentes, com qualidade e confiabilidade nos segmentos.<\/p>  \n            \t<\/div>\n        \t        <\/div>\n        \t\t<\/div>\n\t\t\t\t<\/div>\n\t\t\t\t\t<\/div>\n\t\t<\/div>\n\t\t\t\t\t\t\t<\/div>\n\t\t<\/section>\n\t\t\t\t\t<\/div>\n\t\t<\/div>\n\t\t\t\t\t\t\t<\/div>\n\t\t<\/section>\n\t\t\t\t<section class=\"elementor-section elementor-top-section elementor-element elementor-element-adce476 elementor-section-stretched elementor-section-content-middle elementor-section-boxed elementor-section-height-default elementor-section-height-default\" data-id=\"adce476\" data-element_type=\"section\" data-settings=\"{&quot;stretch_section&quot;:&quot;section-stretched&quot;,&quot;background_background&quot;:&quot;classic&quot;}\">\n\t\t\t\t\t\t<div class=\"elementor-container elementor-column-gap-default\">\n\t\t\t\t\t<div class=\"elementor-column elementor-col-100 elementor-top-column elementor-element elementor-element-77abc90\" data-id=\"77abc90\" data-element_type=\"column\" data-settings=\"{&quot;background_background&quot;:&quot;classic&quot;}\">\n\t\t\t<div class=\"elementor-widget-wrap elementor-element-populated\">\n\t\t\t\t\t\t\t\t<section class=\"elementor-section elementor-inner-section elementor-element elementor-element-cd4cf02 elementor-section-boxed elementor-section-height-default elementor-section-height-default\" data-id=\"cd4cf02\" data-element_type=\"section\">\n\t\t\t\t\t\t<div class=\"elementor-container elementor-column-gap-default\">\n\t\t\t\t\t<div class=\"elementor-column elementor-col-50 elementor-inner-column elementor-element elementor-element-d095cad\" data-id=\"d095cad\" data-element_type=\"column\">\n\t\t\t<div class=\"elementor-widget-wrap elementor-element-populated\">\n\t\t\t\t\t\t\t\t<div class=\"elementor-element elementor-element-70e57b5 elementor-widget elementor-widget-rs-heading\" data-id=\"70e57b5\" data-element_type=\"widget\" data-widget_type=\"rs-heading.default\">\n\t\t\t\t<div class=\"elementor-widget-container\">\n\t\t\t\n        <div class=\"prelements-heading default animate-default \">\n        \t<div class=\"title-inner\"> \n\t        \t       \t\t      \t\t\n\t            <h2 class=\"title\"><span class=\"watermark\"><\/span>Responsabilidade T\u00e9cnica<\/h2>\t\t\t\t\n\t\t\t\t\t        <\/div>\n\t                    \t<div class=\"description\">\n            \t\t            \t\t<p style=\"text-align: justify\">Os nossos engenheiros, possuem mais de 15 anos de experi\u00eancia em\nmat\u00e9rias de presta\u00e7\u00e3o de servi\u00e7os, consultoria e fornecimento de materias\ndiversos. Todo trabalho \u00e9 executado dentro do mais alto n\u00edvel de fundamento e precis\u00e3o prevista nos procedimentos internacionais.<\/p>  \n            \t<\/div>\n        \t        <\/div>\n        \t\t<\/div>\n\t\t\t\t<\/div>\n\t\t\t\t\t<\/div>\n\t\t<\/div>\n\t\t\t\t<div class=\"elementor-column elementor-col-50 elementor-inner-column elementor-element elementor-element-08edb82\" data-id=\"08edb82\" data-element_type=\"column\">\n\t\t\t<div class=\"elementor-widget-wrap\">\n\t\t\t\t\t\t\t\t\t<\/div>\n\t\t<\/div>\n\t\t\t\t\t\t\t<\/div>\n\t\t<\/section>\n\t\t\t\t\t<\/div>\n\t\t<\/div>\n\t\t\t\t\t\t\t<\/div>\n\t\t<\/section>\n\t\t\t\t<section class=\"elementor-section elementor-top-section elementor-element elementor-element-e3a4dad elementor-section-stretched elementor-section-content-middle elementor-section-boxed elementor-section-height-default elementor-section-height-default\" data-id=\"e3a4dad\" data-element_type=\"section\" data-settings=\"{&quot;stretch_section&quot;:&quot;section-stretched&quot;,&quot;background_background&quot;:&quot;classic&quot;}\">\n\t\t\t\t\t\t<div class=\"elementor-container elementor-column-gap-default\">\n\t\t\t\t\t<div class=\"elementor-column elementor-col-100 elementor-top-column elementor-element elementor-element-f98a8d6\" data-id=\"f98a8d6\" data-element_type=\"column\" data-settings=\"{&quot;background_background&quot;:&quot;classic&quot;}\">\n\t\t\t<div class=\"elementor-widget-wrap elementor-element-populated\">\n\t\t\t\t\t\t\t\t<section class=\"elementor-section elementor-inner-section elementor-element elementor-element-109ae81 elementor-section-boxed elementor-section-height-default elementor-section-height-default\" data-id=\"109ae81\" data-element_type=\"section\">\n\t\t\t\t\t\t<div class=\"elementor-container elementor-column-gap-default\">\n\t\t\t\t\t<div class=\"elementor-column elementor-col-50 elementor-inner-column elementor-element elementor-element-6d8b590\" data-id=\"6d8b590\" data-element_type=\"column\">\n\t\t\t<div class=\"elementor-widget-wrap\">\n\t\t\t\t\t\t\t\t\t<\/div>\n\t\t<\/div>\n\t\t\t\t<div class=\"elementor-column elementor-col-50 elementor-inner-column elementor-element elementor-element-ea0d7d2\" data-id=\"ea0d7d2\" data-element_type=\"column\">\n\t\t\t<div class=\"elementor-widget-wrap elementor-element-populated\">\n\t\t\t\t\t\t\t\t<div class=\"elementor-element elementor-element-462cc58 elementor-widget elementor-widget-rs-heading\" data-id=\"462cc58\" data-element_type=\"widget\" data-widget_type=\"rs-heading.default\">\n\t\t\t\t<div class=\"elementor-widget-container\">\n\t\t\t\n        <div class=\"prelements-heading default animate-default \">\n        \t<div class=\"title-inner\"> \n\t        \t       \t\t      \t\t\n\t            <h2 class=\"title\"><span class=\"watermark\"><\/span>Factores diferenciadores<\/h2>\t\t\t\t\n\t\t\t\t\t        <\/div>\n\t                    \t<div class=\"description\">\n            \t\t            \t\t<p style=\"text-align: justify\">A nossa Empresa, apresenta v\u00e1rios fatores que o posicionam de forma competitiva para a realiza\u00e7\u00e3o deste projeto, a saber:<\/p>  \n            \t<\/div>\n        \t        <\/div>\n        \t\t<\/div>\n\t\t\t\t<\/div>\n\t\t\t\t\t<\/div>\n\t\t<\/div>\n\t\t\t\t\t\t\t<\/div>\n\t\t<\/section>\n\t\t\t\t\t<\/div>\n\t\t<\/div>\n\t\t\t\t\t\t\t<\/div>\n\t\t<\/section>\n\t\t\t\t\t\t\t<\/div>\n\t\t","protected":false},"excerpt":{"rendered":"<p>Sobre a empresa A HELDATECH, LDA \u00e9 uma empresa de direito angolano, vocacionada na presta\u00e7\u00e3o de servi\u00e7os e fornecimentos de materias diversos, estamos sediados no Munic\u00edpio de Belas Condominio Kandandu. Casa N\u00ba166 Luanda Angola. Estamos fortemente capacitados para o ramo de presta\u00e7\u00e3o de servi\u00e7os e fornecimento de materias diversos. Como Fazemos No nosso trabalho buscamos&#8230;<\/p>\n","protected":false},"author":1,"featured_media":0,"parent":0,"menu_order":0,"comment_status":"closed","ping_status":"closed","template":"","meta":{"footnotes":""},"class_list":["post-11","page","type-page","status-publish","hentry"],"_links":{"self":[{"href":"https:\/\/heldatechlda.com\/heldatech\/wp-json\/wp\/v2\/pages\/11","targetHints":{"allow":["GET"]}}],"collection":[{"href":"https:\/\/heldatechlda.com\/heldatech\/wp-json\/wp\/v2\/pages"}],"about":[{"href":"https:\/\/heldatechlda.com\/heldatech\/wp-json\/wp\/v2\/types\/page"}],"author":[{"embeddable":true,"href":"https:\/\/heldatechlda.com\/heldatech\/wp-json\/wp\/v2\/users\/1"}],"replies":[{"embeddable":true,"href":"https:\/\/heldatechlda.com\/heldatech\/wp-json\/wp\/v2\/comments?post=11"}],"version-history":[{"count":122,"href":"https:\/\/heldatechlda.com\/heldatech\/wp-json\/wp\/v2\/pages\/11\/revisions"}],"predecessor-version":[{"id":28093,"href":"https:\/\/heldatechlda.com\/heldatech\/wp-json\/wp\/v2\/pages\/11\/revisions\/28093"}],"wp:attachment":[{"href":"https:\/\/heldatechlda.com\/heldatech\/wp-json\/wp\/v2\/media?parent=11"}],"curies":[{"name":"wp","href":"https:\/\/api.w.org\/{rel}","templated":true}]}}